{"id":527,"date":"2025-04-29T19:57:32","date_gmt":"2025-04-29T16:57:32","guid":{"rendered":"https:\/\/store.looru.fi\/?post_type=product&#038;p=527"},"modified":"2026-04-14T20:08:22","modified_gmt":"2026-04-14T17:08:22","slug":"inthebox-maalivahti","status":"publish","type":"product","link":"https:\/\/store.looru.fi\/?product=inthebox-maalivahti","title":{"rendered":"InTheBox Maalivahti"},"content":{"rendered":"<p><strong data-redactor-tag=\"strong\">LIIGA-UKKO InThe Box Maalivahti<\/strong><\/p>\n<p><strong data-redactor-tag=\"strong\">Pakkauksessa <\/strong>on mukana:<\/p>\n<p>-kierr\u00e4tetyist\u00e4 palikoista koottu ja koristeltu Ukko.<\/p>\n<p>-l\u00e4pin\u00e4kyv\u00e4 suljettu s\u00e4ilytysrasia 2.3cmx2.3cm pelaajakortilla<\/p>\n<p><strong>LIIGA-UKKO<\/strong>\u00a0kootaan ja koristellaan kierr\u00e4tetyist\u00e4 palikoista Suomessa.<\/p>\n","protected":false},"excerpt":{"rendered":"<p>LIIGA-UKKO InThe Box Maalivahti Pakkauksessa on mukana: -kierr\u00e4tetyist\u00e4 palikoista koottu ja koristeltu Ukko. -l\u00e4pin\u00e4kyv\u00e4 suljettu s\u00e4ilytysrasia 2.3cmx2.3cm pelaajakortilla LIIGA-UKKO\u00a0kootaan ja koristellaan kierr\u00e4tetyist\u00e4 palikoista Suomessa.<\/p>\n","protected":false},"featured_media":1195,"template":"","meta":[],"product_brand":[],"product_cat":[422,32],"product_tag":[],"class_list":{"0":"post-527","1":"product","2":"type-product","3":"status-publish","4":"has-post-thumbnail","6":"product_cat-inthebox-2025-2026","7":"product_cat-maalivahti","9":"first","10":"instock","11":"featured","12":"taxable","13":"shipping-taxable","14":"purchasable","15":"product-type-variable"},"jetpack_sharing_enabled":true,"_links":{"self":[{"href":"https:\/\/store.looru.fi\/index.php?rest_route=\/wp\/v2\/product\/527","targetHints":{"allow":["GET"]}}],"collection":[{"href":"https:\/\/store.looru.fi\/index.php?rest_route=\/wp\/v2\/product"}],"about":[{"href":"https:\/\/store.looru.fi\/index.php?rest_route=\/wp\/v2\/types\/product"}],"wp:featuredmedia":[{"embeddable":true,"href":"https:\/\/store.looru.fi\/index.php?rest_route=\/wp\/v2\/media\/1195"}],"wp:attachment":[{"href":"https:\/\/store.looru.fi\/index.php?rest_route=%2Fwp%2Fv2%2Fmedia&parent=527"}],"wp:term":[{"taxonomy":"product_brand","embeddable":true,"href":"https:\/\/store.looru.fi\/index.php?rest_route=%2Fwp%2Fv2%2Fproduct_brand&post=527"},{"taxonomy":"product_cat","embeddable":true,"href":"https:\/\/store.looru.fi\/index.php?rest_route=%2Fwp%2Fv2%2Fproduct_cat&post=527"},{"taxonomy":"product_tag","embeddable":true,"href":"https:\/\/store.looru.fi\/index.php?rest_route=%2Fwp%2Fv2%2Fproduct_tag&post=527"}],"curies":[{"name":"wp","href":"https:\/\/api.w.org\/{rel}","templated":true}]}}