{"id":524,"date":"2025-04-29T19:57:32","date_gmt":"2025-04-29T16:57:32","guid":{"rendered":"https:\/\/store.looru.fi\/?post_type=product&#038;p=524"},"modified":"2025-04-29T19:57:53","modified_gmt":"2025-04-29T16:57:53","slug":"assat-jaakone","status":"publish","type":"product","link":"https:\/\/store.looru.fi\/?product=assat-jaakone","title":{"rendered":"\u00c4ss\u00e4t J\u00e4\u00e4kone"},"content":{"rendered":"<p>LIIGA-UKKO\u2122 J\u00c4\u00c4KONE on Suomessa, kierr\u00e4tetyist\u00e4 LEGO\u00ae-palikoista koottu ja koristeltu virallinen lisensoitu Liiga\u00ae-tuote.<\/p>\n","protected":false},"excerpt":{"rendered":"<p>LIIGA-UKKO\u2122 J\u00c4\u00c4KONE on Suomessa, kierr\u00e4tetyist\u00e4 LEGO\u00ae-palikoista koottu ja koristeltu virallinen lisensoitu Liiga\u00ae-tuote.<\/p>\n","protected":false},"featured_media":558,"template":"","meta":[],"product_brand":[],"product_cat":[30],"product_tag":[],"class_list":{"0":"post-524","1":"product","2":"type-product","3":"status-publish","4":"has-post-thumbnail","6":"product_cat-jaakone","8":"first","9":"instock","10":"shipping-taxable","11":"purchasable","12":"product-type-simple"},"jetpack_sharing_enabled":true,"_links":{"self":[{"href":"https:\/\/store.looru.fi\/index.php?rest_route=\/wp\/v2\/product\/524","targetHints":{"allow":["GET"]}}],"collection":[{"href":"https:\/\/store.looru.fi\/index.php?rest_route=\/wp\/v2\/product"}],"about":[{"href":"https:\/\/store.looru.fi\/index.php?rest_route=\/wp\/v2\/types\/product"}],"wp:featuredmedia":[{"embeddable":true,"href":"https:\/\/store.looru.fi\/index.php?rest_route=\/wp\/v2\/media\/558"}],"wp:attachment":[{"href":"https:\/\/store.looru.fi\/index.php?rest_route=%2Fwp%2Fv2%2Fmedia&parent=524"}],"wp:term":[{"taxonomy":"product_brand","embeddable":true,"href":"https:\/\/store.looru.fi\/index.php?rest_route=%2Fwp%2Fv2%2Fproduct_brand&post=524"},{"taxonomy":"product_cat","embeddable":true,"href":"https:\/\/store.looru.fi\/index.php?rest_route=%2Fwp%2Fv2%2Fproduct_cat&post=524"},{"taxonomy":"product_tag","embeddable":true,"href":"https:\/\/store.looru.fi\/index.php?rest_route=%2Fwp%2Fv2%2Fproduct_tag&post=524"}],"curies":[{"name":"wp","href":"https:\/\/api.w.org\/{rel}","templated":true}]}}