{"id":515,"date":"2025-04-29T19:57:31","date_gmt":"2025-04-29T16:57:31","guid":{"rendered":"https:\/\/store.looru.fi\/?post_type=product&#038;p=515"},"modified":"2025-04-29T19:57:40","modified_gmt":"2025-04-29T16:57:40","slug":"kalpa-jaakone","status":"publish","type":"product","link":"https:\/\/store.looru.fi\/?product=kalpa-jaakone","title":{"rendered":"KalPa J\u00e4\u00e4kone"},"content":{"rendered":"<p>LIIGA-UKKO\u2122 J\u00c4\u00c4KONE on Suomessa, kierr\u00e4tetyist\u00e4 LEGO\u00ae-palikoista koottu ja koristeltu virallinen lisensoitu Liiga\u00ae-tuote.<\/p>\n","protected":false},"excerpt":{"rendered":"<p>LIIGA-UKKO\u2122 J\u00c4\u00c4KONE on Suomessa, kierr\u00e4tetyist\u00e4 LEGO\u00ae-palikoista koottu ja koristeltu virallinen lisensoitu Liiga\u00ae-tuote.<\/p>\n","protected":false},"featured_media":543,"template":"","meta":[],"product_brand":[],"product_cat":[30],"product_tag":[],"class_list":{"0":"post-515","1":"product","2":"type-product","3":"status-publish","4":"has-post-thumbnail","6":"product_cat-jaakone","8":"first","9":"instock","10":"shipping-taxable","11":"purchasable","12":"product-type-simple"},"jetpack_sharing_enabled":true,"_links":{"self":[{"href":"https:\/\/store.looru.fi\/index.php?rest_route=\/wp\/v2\/product\/515","targetHints":{"allow":["GET"]}}],"collection":[{"href":"https:\/\/store.looru.fi\/index.php?rest_route=\/wp\/v2\/product"}],"about":[{"href":"https:\/\/store.looru.fi\/index.php?rest_route=\/wp\/v2\/types\/product"}],"wp:featuredmedia":[{"embeddable":true,"href":"https:\/\/store.looru.fi\/index.php?rest_route=\/wp\/v2\/media\/543"}],"wp:attachment":[{"href":"https:\/\/store.looru.fi\/index.php?rest_route=%2Fwp%2Fv2%2Fmedia&parent=515"}],"wp:term":[{"taxonomy":"product_brand","embeddable":true,"href":"https:\/\/store.looru.fi\/index.php?rest_route=%2Fwp%2Fv2%2Fproduct_brand&post=515"},{"taxonomy":"product_cat","embeddable":true,"href":"https:\/\/store.looru.fi\/index.php?rest_route=%2Fwp%2Fv2%2Fproduct_cat&post=515"},{"taxonomy":"product_tag","embeddable":true,"href":"https:\/\/store.looru.fi\/index.php?rest_route=%2Fwp%2Fv2%2Fproduct_tag&post=515"}],"curies":[{"name":"wp","href":"https:\/\/api.w.org\/{rel}","templated":true}]}}