{"id":506,"date":"2025-04-29T19:57:26","date_gmt":"2025-04-29T16:57:26","guid":{"rendered":"https:\/\/store.looru.fi\/?post_type=product&#038;p=506"},"modified":"2025-04-29T19:57:33","modified_gmt":"2025-04-29T16:57:33","slug":"hifk-jaakone","status":"publish","type":"product","link":"https:\/\/store.looru.fi\/?product=hifk-jaakone","title":{"rendered":"HIFK J\u00e4\u00e4kone"},"content":{"rendered":"<p>LIIGA-UKKO\u2122 J\u00c4\u00c4KONE on Suomessa, kierr\u00e4tetyist\u00e4 LEGO\u00ae-palikoista koottu ja koristeltu virallinen lisensoitu Liiga\u00ae-tuote.  <\/p>\n","protected":false},"excerpt":{"rendered":"<p>LIIGA-UKKO\u2122 J\u00c4\u00c4KONE on Suomessa, kierr\u00e4tetyist\u00e4 LEGO\u00ae-palikoista koottu ja koristeltu virallinen lisensoitu Liiga\u00ae-tuote.  <\/p>\n","protected":false},"featured_media":536,"template":"","meta":[],"product_brand":[],"product_cat":[30],"product_tag":[],"class_list":{"0":"post-506","1":"product","2":"type-product","3":"status-publish","4":"has-post-thumbnail","6":"product_cat-jaakone","8":"first","9":"instock","10":"featured","11":"shipping-taxable","12":"purchasable","13":"product-type-simple"},"jetpack_sharing_enabled":true,"_links":{"self":[{"href":"https:\/\/store.looru.fi\/index.php?rest_route=\/wp\/v2\/product\/506","targetHints":{"allow":["GET"]}}],"collection":[{"href":"https:\/\/store.looru.fi\/index.php?rest_route=\/wp\/v2\/product"}],"about":[{"href":"https:\/\/store.looru.fi\/index.php?rest_route=\/wp\/v2\/types\/product"}],"wp:featuredmedia":[{"embeddable":true,"href":"https:\/\/store.looru.fi\/index.php?rest_route=\/wp\/v2\/media\/536"}],"wp:attachment":[{"href":"https:\/\/store.looru.fi\/index.php?rest_route=%2Fwp%2Fv2%2Fmedia&parent=506"}],"wp:term":[{"taxonomy":"product_brand","embeddable":true,"href":"https:\/\/store.looru.fi\/index.php?rest_route=%2Fwp%2Fv2%2Fproduct_brand&post=506"},{"taxonomy":"product_cat","embeddable":true,"href":"https:\/\/store.looru.fi\/index.php?rest_route=%2Fwp%2Fv2%2Fproduct_cat&post=506"},{"taxonomy":"product_tag","embeddable":true,"href":"https:\/\/store.looru.fi\/index.php?rest_route=%2Fwp%2Fv2%2Fproduct_tag&post=506"}],"curies":[{"name":"wp","href":"https:\/\/api.w.org\/{rel}","templated":true}]}}