{"id":1231,"date":"2025-09-08T11:27:24","date_gmt":"2025-09-08T08:27:24","guid":{"rendered":"https:\/\/store.looru.fi\/?post_type=product&#038;p=1231"},"modified":"2026-04-03T10:13:20","modified_gmt":"2026-04-03T07:13:20","slug":"kalpa-ukko-25-26","status":"publish","type":"product","link":"https:\/\/store.looru.fi\/?product=kalpa-ukko-25-26","title":{"rendered":"KALPA-UKKO 25-26"},"content":{"rendered":"<p><strong data-redactor-tag=\"strong\">LIIGA-UKKO<\/strong><\/p>\n<p><strong data-redactor-tag=\"strong\">Pakkauksessa <\/strong>on mukana:<\/p>\n<p>-kierr\u00e4tetyist\u00e4 palikoista koottu ja koristeltu Ukko.<\/p>\n<p>-l\u00e4pin\u00e4kyv\u00e4 suljettu s\u00e4ilytysrasia 2.3cmx2.3cm pelaajakortilla<\/p>\n<p><strong>LIIGA-UKKO<\/strong>\u00a0kootaan ja koristellaan kierr\u00e4tetyist\u00e4 palikoista Suomessa.<\/p>\n","protected":false},"excerpt":{"rendered":"<p>LIIGA-UKKO Pakkauksessa on mukana: -kierr\u00e4tetyist\u00e4 palikoista koottu ja koristeltu Ukko. -l\u00e4pin\u00e4kyv\u00e4 suljettu s\u00e4ilytysrasia 2.3cmx2.3cm pelaajakortilla LIIGA-UKKO\u00a0kootaan ja koristellaan kierr\u00e4tetyist\u00e4 palikoista Suomessa.<\/p>\n","protected":false},"featured_media":1197,"template":"","meta":[],"product_brand":[],"product_cat":[422],"product_tag":[],"class_list":{"0":"post-1231","1":"product","2":"type-product","3":"status-publish","4":"has-post-thumbnail","6":"product_cat-inthebox-2025-2026","8":"first","9":"instock","10":"featured","11":"taxable","12":"shipping-taxable","13":"purchasable","14":"product-type-variable"},"jetpack_sharing_enabled":true,"_links":{"self":[{"href":"https:\/\/store.looru.fi\/index.php?rest_route=\/wp\/v2\/product\/1231","targetHints":{"allow":["GET"]}}],"collection":[{"href":"https:\/\/store.looru.fi\/index.php?rest_route=\/wp\/v2\/product"}],"about":[{"href":"https:\/\/store.looru.fi\/index.php?rest_route=\/wp\/v2\/types\/product"}],"wp:featuredmedia":[{"embeddable":true,"href":"https:\/\/store.looru.fi\/index.php?rest_route=\/wp\/v2\/media\/1197"}],"wp:attachment":[{"href":"https:\/\/store.looru.fi\/index.php?rest_route=%2Fwp%2Fv2%2Fmedia&parent=1231"}],"wp:term":[{"taxonomy":"product_brand","embeddable":true,"href":"https:\/\/store.looru.fi\/index.php?rest_route=%2Fwp%2Fv2%2Fproduct_brand&post=1231"},{"taxonomy":"product_cat","embeddable":true,"href":"https:\/\/store.looru.fi\/index.php?rest_route=%2Fwp%2Fv2%2Fproduct_cat&post=1231"},{"taxonomy":"product_tag","embeddable":true,"href":"https:\/\/store.looru.fi\/index.php?rest_route=%2Fwp%2Fv2%2Fproduct_tag&post=1231"}],"curies":[{"name":"wp","href":"https:\/\/api.w.org\/{rel}","templated":true}]}}